{"id":902,"date":"2025-04-20T08:18:42","date_gmt":"2025-04-20T06:18:42","guid":{"rendered":"https:\/\/lesitedesmaries.com\/?page_id=902"},"modified":"2025-04-20T08:22:51","modified_gmt":"2025-04-20T06:22:51","slug":"politique-de-confidentialite","status":"publish","type":"page","link":"https:\/\/lesitedesmaries.com\/index.php\/politique-de-confidentialite\/","title":{"rendered":"Politique de confidentialit\u00e9"},"content":{"rendered":"\t\t<div data-elementor-type=\"wp-page\" data-elementor-id=\"902\" class=\"elementor elementor-902\" data-elementor-post-type=\"page\">\n\t\t\t\t<div class=\"elementor-element elementor-element-9870eb3 e-flex e-con-boxed e-con e-parent\" data-id=\"9870eb3\" data-element_type=\"container\" data-e-type=\"container\">\n\t\t\t\t\t<div class=\"e-con-inner\">\n\t\t\t\t<div class=\"elementor-element elementor-element-931f65d elementor-widget elementor-widget-heading\" data-id=\"931f65d\" data-element_type=\"widget\" data-e-type=\"widget\" data-widget_type=\"heading.default\">\n\t\t\t\t<div class=\"elementor-widget-container\">\n\t\t\t\t\t<h2 class=\"elementor-heading-title elementor-size-default\">Politique de confidentialit\u00e9<\/h2>\t\t\t\t<\/div>\n\t\t\t\t<\/div>\n\t\t\t\t<div class=\"elementor-element elementor-element-5bc79ce elementor-widget elementor-widget-text-editor\" data-id=\"5bc79ce\" data-element_type=\"widget\" data-e-type=\"widget\" data-widget_type=\"text-editor.default\">\n\t\t\t\t<div class=\"elementor-widget-container\">\n\t\t\t\t\t\t\t\t\t<p class=\"\" data-start=\"291\" data-end=\"592\">Le Site des Mari\u00e9s prend tr\u00e8s au s\u00e9rieux la protection de vos donn\u00e9es personnelles. Cette politique de confidentialit\u00e9 a pour objectif de vous informer sur les informations que nous recueillons et la mani\u00e8re dont elles sont utilis\u00e9es, afin de garantir la s\u00e9curit\u00e9 et la confidentialit\u00e9 de vos donn\u00e9es.<\/p><p class=\"\" data-start=\"594\" data-end=\"731\"><strong data-start=\"594\" data-end=\"634\">1. Collecte des donn\u00e9es personnelles<\/strong> Nous collectons des donn\u00e9es personnelles lorsque vous utilisez nos services. Cela peut inclure :<\/p><ul data-start=\"732\" data-end=\"1046\"><li class=\"\" data-start=\"732\" data-end=\"870\"><p class=\"\" data-start=\"734\" data-end=\"870\">Les informations que vous fournissez en vous inscrivant sur notre site (nom, pr\u00e9nom, adresse email, informations li\u00e9es au mariage, etc.)<\/p><\/li><li class=\"\" data-start=\"957\" data-end=\"1046\"><p class=\"\" data-start=\"959\" data-end=\"1046\">Les informations collect\u00e9es automatiquement via des cookies ou technologies similaires.<\/p><\/li><\/ul><p class=\"\" data-start=\"1048\" data-end=\"1154\"><strong data-start=\"1048\" data-end=\"1091\">2. Utilisation des donn\u00e9es personnelles<\/strong> Les donn\u00e9es collect\u00e9es sont utilis\u00e9es dans les buts suivants :<\/p><ul data-start=\"1155\" data-end=\"1420\"><li class=\"\" data-start=\"1189\" data-end=\"1240\"><p class=\"\" data-start=\"1191\" data-end=\"1240\">Vous fournir les services que vous avez demand\u00e9s.<\/p><\/li><li class=\"\" data-start=\"1241\" data-end=\"1293\"><p class=\"\" data-start=\"1243\" data-end=\"1293\">Am\u00e9liorer l&rsquo;exp\u00e9rience utilisateur sur notre site.<\/p><\/li><\/ul><p class=\"\" data-start=\"1243\" data-end=\"1293\"><strong style=\"background-color: transparent; font-size: 1rem;\" data-start=\"1422\" data-end=\"1461\">3. Partage des donn\u00e9es personnelles<\/strong><span style=\"background-color: transparent; font-size: 1rem;\"> Nous ne partageons pas vos donn\u00e9es personnelles avec des tiers, sauf dans les cas suivants :<\/span><\/p><ul data-start=\"1555\" data-end=\"1712\"><li class=\"\" data-start=\"1555\" data-end=\"1650\"><p class=\"\" data-start=\"1557\" data-end=\"1650\">Avec nos prestataires de services pour effectuer des t\u00e2ches li\u00e9es \u00e0 la gestion de notre site.<\/p><\/li><li class=\"\" data-start=\"1651\" data-end=\"1712\"><p class=\"\" data-start=\"1653\" data-end=\"1712\">Lorsque la loi nous y oblige ou en cas de n\u00e9cessit\u00e9 l\u00e9gale.<\/p><\/li><\/ul><p class=\"\" data-start=\"1714\" data-end=\"1939\"><strong data-start=\"1714\" data-end=\"1741\">4. S\u00e9curit\u00e9 des donn\u00e9es<\/strong> Nous mettons en place des mesures de s\u00e9curit\u00e9 techniques et organisationnelles pour prot\u00e9ger vos donn\u00e9es personnelles contre tout acc\u00e8s non autoris\u00e9, toute modification, divulgation ou destruction.<\/p><p class=\"\" data-start=\"1941\" data-end=\"2023\"><strong data-start=\"1941\" data-end=\"1958\">5. Vos droits<\/strong> Vous disposez des droits suivants sur vos donn\u00e9es personnelles :<\/p><ul data-start=\"2024\" data-end=\"2394\"><li class=\"\" data-start=\"2024\" data-end=\"2111\"><p class=\"\" data-start=\"2026\" data-end=\"2111\">Droit d&rsquo;acc\u00e8s : vous pouvez demander \u00e0 consulter les donn\u00e9es que nous avons sur vous.<\/p><\/li><li class=\"\" data-start=\"2112\" data-end=\"2201\"><p class=\"\" data-start=\"2114\" data-end=\"2201\">Droit de rectification : vous pouvez corriger les informations erron\u00e9es ou incompl\u00e8tes.<\/p><\/li><li class=\"\" data-start=\"2202\" data-end=\"2289\"><p class=\"\" data-start=\"2204\" data-end=\"2289\">Droit d&rsquo;effacement : vous pouvez demander la suppression de vos donn\u00e9es personnelles.<\/p><\/li><li class=\"\" data-start=\"2290\" data-end=\"2394\"><p class=\"\" data-start=\"2292\" data-end=\"2394\">Droit d&rsquo;opposition : vous pouvez vous opposer \u00e0 l&rsquo;utilisation de vos donn\u00e9es pour certaines finalit\u00e9s.<\/p><\/li><\/ul><p class=\"\" data-start=\"2396\" data-end=\"2463\">Pour exercer ces droits, veuillez nous contacter \u00e0 [adresse email].<\/p><p class=\"\" data-start=\"2465\" data-end=\"2623\"><strong data-start=\"2465\" data-end=\"2479\">6. Cookies<\/strong> Notre site utilise des cookies pour am\u00e9liorer votre exp\u00e9rience. Vous pouvez g\u00e9rer vos pr\u00e9f\u00e9rences de cookies directement dans votre navigateur.<\/p><p class=\"\" data-start=\"2625\" data-end=\"2772\"><strong data-start=\"2625\" data-end=\"2661\">7. Modifications de la politique<\/strong> Cette politique peut \u00eatre mise \u00e0 jour de temps \u00e0 autre. Nous vous informerons de tout changement significatif.<\/p>\t\t\t\t\t\t\t\t<\/div>\n\t\t\t\t<\/div>\n\t\t\t\t\t<\/div>\n\t\t\t\t<\/div>\n\t\t\t\t<\/div>\n\t\t","protected":false},"excerpt":{"rendered":"<p>Politique de confidentialit\u00e9 Le Site des Mari\u00e9s prend tr\u00e8s au s\u00e9rieux la protection de vos donn\u00e9es personnelles. Cette politique de confidentialit\u00e9 a pour objectif de vous informer sur les informations que nous recueillons et la mani\u00e8re dont elles sont utilis\u00e9es, afin de garantir la s\u00e9curit\u00e9 et la confidentialit\u00e9 de vos donn\u00e9es. 1. Collecte des donn\u00e9es [&hellip;]<\/p>\n","protected":false},"author":1,"featured_media":0,"parent":0,"menu_order":0,"comment_status":"closed","ping_status":"closed","template":"elementor_header_footer","meta":{"footnotes":""},"class_list":["post-902","page","type-page","status-publish","hentry"],"yoast_head":"<!-- This site is optimized with the Yoast SEO plugin v26.9 - https:\/\/yoast.com\/product\/yoast-seo-wordpress\/ -->\n<title>Politique de confidentialit\u00e9 - Le site des mari\u00e9s<\/title>\n<meta name=\"robots\" content=\"noindex, nofollow\" \/>\n<meta property=\"og:locale\" content=\"fr_FR\" \/>\n<meta property=\"og:type\" content=\"article\" \/>\n<meta property=\"og:title\" content=\"Politique de confidentialit\u00e9 - Le site des mari\u00e9s\" \/>\n<meta property=\"og:description\" content=\"Politique de confidentialit\u00e9 Le Site des Mari\u00e9s prend tr\u00e8s au s\u00e9rieux la protection de vos donn\u00e9es personnelles. Cette politique de confidentialit\u00e9 a pour objectif de vous informer sur les informations que nous recueillons et la mani\u00e8re dont elles sont utilis\u00e9es, afin de garantir la s\u00e9curit\u00e9 et la confidentialit\u00e9 de vos donn\u00e9es. 1. Collecte des donn\u00e9es [&hellip;]\" \/>\n<meta property=\"og:url\" content=\"https:\/\/lesitedesmaries.com\/index.php\/politique-de-confidentialite\/\" \/>\n<meta property=\"og:site_name\" content=\"Le site des mari\u00e9s\" \/>\n<meta property=\"article:modified_time\" content=\"2025-04-20T06:22:51+00:00\" \/>\n<meta name=\"twitter:card\" content=\"summary_large_image\" \/>\n<meta name=\"twitter:label1\" content=\"Dur\u00e9e de lecture estim\u00e9e\" \/>\n\t<meta name=\"twitter:data1\" content=\"2 minutes\" \/>\n<script type=\"application\/ld+json\" class=\"yoast-schema-graph\">{\"@context\":\"https:\/\/schema.org\",\"@graph\":[{\"@type\":\"WebPage\",\"@id\":\"https:\/\/lesitedesmaries.com\/index.php\/politique-de-confidentialite\/\",\"url\":\"https:\/\/lesitedesmaries.com\/index.php\/politique-de-confidentialite\/\",\"name\":\"Politique de confidentialit\u00e9 - Le site des mari\u00e9s\",\"isPartOf\":{\"@id\":\"https:\/\/lesitedesmaries.com\/#website\"},\"datePublished\":\"2025-04-20T06:18:42+00:00\",\"dateModified\":\"2025-04-20T06:22:51+00:00\",\"breadcrumb\":{\"@id\":\"https:\/\/lesitedesmaries.com\/index.php\/politique-de-confidentialite\/#breadcrumb\"},\"inLanguage\":\"fr-FR\",\"potentialAction\":[{\"@type\":\"ReadAction\",\"target\":[\"https:\/\/lesitedesmaries.com\/index.php\/politique-de-confidentialite\/\"]}]},{\"@type\":\"BreadcrumbList\",\"@id\":\"https:\/\/lesitedesmaries.com\/index.php\/politique-de-confidentialite\/#breadcrumb\",\"itemListElement\":[{\"@type\":\"ListItem\",\"position\":1,\"name\":\"Accueil\",\"item\":\"https:\/\/lesitedesmaries.com\/\"},{\"@type\":\"ListItem\",\"position\":2,\"name\":\"Politique de confidentialit\u00e9\"}]},{\"@type\":\"WebSite\",\"@id\":\"https:\/\/lesitedesmaries.com\/#website\",\"url\":\"https:\/\/lesitedesmaries.com\/\",\"name\":\"Le site des mari\u00e9s\",\"description\":\"\",\"publisher\":{\"@id\":\"https:\/\/lesitedesmaries.com\/#organization\"},\"potentialAction\":[{\"@type\":\"SearchAction\",\"target\":{\"@type\":\"EntryPoint\",\"urlTemplate\":\"https:\/\/lesitedesmaries.com\/?s={search_term_string}\"},\"query-input\":{\"@type\":\"PropertyValueSpecification\",\"valueRequired\":true,\"valueName\":\"search_term_string\"}}],\"inLanguage\":\"fr-FR\"},{\"@type\":\"Organization\",\"@id\":\"https:\/\/lesitedesmaries.com\/#organization\",\"name\":\"Le site des mari\u00e9s\",\"url\":\"https:\/\/lesitedesmaries.com\/\",\"logo\":{\"@type\":\"ImageObject\",\"inLanguage\":\"fr-FR\",\"@id\":\"https:\/\/lesitedesmaries.com\/#\/schema\/logo\/image\/\",\"url\":\"https:\/\/lesitedesmaries.com\/wp-content\/uploads\/2024\/12\/logo-02.png\",\"contentUrl\":\"https:\/\/lesitedesmaries.com\/wp-content\/uploads\/2024\/12\/logo-02.png\",\"width\":1080,\"height\":1080,\"caption\":\"Le site des mari\u00e9s\"},\"image\":{\"@id\":\"https:\/\/lesitedesmaries.com\/#\/schema\/logo\/image\/\"}}]}<\/script>\n<!-- \/ Yoast SEO plugin. -->","yoast_head_json":{"title":"Politique de confidentialit\u00e9 - Le site des mari\u00e9s","robots":{"index":"noindex","follow":"nofollow"},"og_locale":"fr_FR","og_type":"article","og_title":"Politique de confidentialit\u00e9 - Le site des mari\u00e9s","og_description":"Politique de confidentialit\u00e9 Le Site des Mari\u00e9s prend tr\u00e8s au s\u00e9rieux la protection de vos donn\u00e9es personnelles. Cette politique de confidentialit\u00e9 a pour objectif de vous informer sur les informations que nous recueillons et la mani\u00e8re dont elles sont utilis\u00e9es, afin de garantir la s\u00e9curit\u00e9 et la confidentialit\u00e9 de vos donn\u00e9es. 1. Collecte des donn\u00e9es [&hellip;]","og_url":"https:\/\/lesitedesmaries.com\/index.php\/politique-de-confidentialite\/","og_site_name":"Le site des mari\u00e9s","article_modified_time":"2025-04-20T06:22:51+00:00","twitter_card":"summary_large_image","twitter_misc":{"Dur\u00e9e de lecture estim\u00e9e":"2 minutes"},"schema":{"@context":"https:\/\/schema.org","@graph":[{"@type":"WebPage","@id":"https:\/\/lesitedesmaries.com\/index.php\/politique-de-confidentialite\/","url":"https:\/\/lesitedesmaries.com\/index.php\/politique-de-confidentialite\/","name":"Politique de confidentialit\u00e9 - Le site des mari\u00e9s","isPartOf":{"@id":"https:\/\/lesitedesmaries.com\/#website"},"datePublished":"2025-04-20T06:18:42+00:00","dateModified":"2025-04-20T06:22:51+00:00","breadcrumb":{"@id":"https:\/\/lesitedesmaries.com\/index.php\/politique-de-confidentialite\/#breadcrumb"},"inLanguage":"fr-FR","potentialAction":[{"@type":"ReadAction","target":["https:\/\/lesitedesmaries.com\/index.php\/politique-de-confidentialite\/"]}]},{"@type":"BreadcrumbList","@id":"https:\/\/lesitedesmaries.com\/index.php\/politique-de-confidentialite\/#breadcrumb","itemListElement":[{"@type":"ListItem","position":1,"name":"Accueil","item":"https:\/\/lesitedesmaries.com\/"},{"@type":"ListItem","position":2,"name":"Politique de confidentialit\u00e9"}]},{"@type":"WebSite","@id":"https:\/\/lesitedesmaries.com\/#website","url":"https:\/\/lesitedesmaries.com\/","name":"Le site des mari\u00e9s","description":"","publisher":{"@id":"https:\/\/lesitedesmaries.com\/#organization"},"potentialAction":[{"@type":"SearchAction","target":{"@type":"EntryPoint","urlTemplate":"https:\/\/lesitedesmaries.com\/?s={search_term_string}"},"query-input":{"@type":"PropertyValueSpecification","valueRequired":true,"valueName":"search_term_string"}}],"inLanguage":"fr-FR"},{"@type":"Organization","@id":"https:\/\/lesitedesmaries.com\/#organization","name":"Le site des mari\u00e9s","url":"https:\/\/lesitedesmaries.com\/","logo":{"@type":"ImageObject","inLanguage":"fr-FR","@id":"https:\/\/lesitedesmaries.com\/#\/schema\/logo\/image\/","url":"https:\/\/lesitedesmaries.com\/wp-content\/uploads\/2024\/12\/logo-02.png","contentUrl":"https:\/\/lesitedesmaries.com\/wp-content\/uploads\/2024\/12\/logo-02.png","width":1080,"height":1080,"caption":"Le site des mari\u00e9s"},"image":{"@id":"https:\/\/lesitedesmaries.com\/#\/schema\/logo\/image\/"}}]}},"_links":{"self":[{"href":"https:\/\/lesitedesmaries.com\/index.php\/wp-json\/wp\/v2\/pages\/902","targetHints":{"allow":["GET"]}}],"collection":[{"href":"https:\/\/lesitedesmaries.com\/index.php\/wp-json\/wp\/v2\/pages"}],"about":[{"href":"https:\/\/lesitedesmaries.com\/index.php\/wp-json\/wp\/v2\/types\/page"}],"author":[{"embeddable":true,"href":"https:\/\/lesitedesmaries.com\/index.php\/wp-json\/wp\/v2\/users\/1"}],"replies":[{"embeddable":true,"href":"https:\/\/lesitedesmaries.com\/index.php\/wp-json\/wp\/v2\/comments?post=902"}],"version-history":[{"count":7,"href":"https:\/\/lesitedesmaries.com\/index.php\/wp-json\/wp\/v2\/pages\/902\/revisions"}],"predecessor-version":[{"id":909,"href":"https:\/\/lesitedesmaries.com\/index.php\/wp-json\/wp\/v2\/pages\/902\/revisions\/909"}],"wp:attachment":[{"href":"https:\/\/lesitedesmaries.com\/index.php\/wp-json\/wp\/v2\/media?parent=902"}],"curies":[{"name":"wp","href":"https:\/\/api.w.org\/{rel}","templated":true}]}}