{"id":911,"date":"2025-04-20T08:24:03","date_gmt":"2025-04-20T06:24:03","guid":{"rendered":"https:\/\/lesitedesmaries.com\/?page_id=911"},"modified":"2025-04-20T08:40:47","modified_gmt":"2025-04-20T06:40:47","slug":"cgv","status":"publish","type":"page","link":"https:\/\/lesitedesmaries.com\/index.php\/cgv\/","title":{"rendered":"CGV"},"content":{"rendered":"\t\t<div data-elementor-type=\"wp-page\" data-elementor-id=\"911\" class=\"elementor elementor-911\" data-elementor-post-type=\"page\">\n\t\t\t\t<div class=\"elementor-element elementor-element-9870eb3 e-flex e-con-boxed e-con e-parent\" data-id=\"9870eb3\" data-element_type=\"container\" data-e-type=\"container\">\n\t\t\t\t\t<div class=\"e-con-inner\">\n\t\t\t\t<div class=\"elementor-element elementor-element-931f65d elementor-widget elementor-widget-heading\" data-id=\"931f65d\" data-element_type=\"widget\" data-e-type=\"widget\" data-widget_type=\"heading.default\">\n\t\t\t\t<div class=\"elementor-widget-container\">\n\t\t\t\t\t<h2 class=\"elementor-heading-title elementor-size-default\">Conditions g\u00e9n\u00e9rales de vente (CGV)<\/h2>\t\t\t\t<\/div>\n\t\t\t\t<\/div>\n\t\t\t\t<div class=\"elementor-element elementor-element-5bc79ce elementor-widget elementor-widget-text-editor\" data-id=\"5bc79ce\" data-element_type=\"widget\" data-e-type=\"widget\" data-widget_type=\"text-editor.default\">\n\t\t\t\t<div class=\"elementor-widget-container\">\n\t\t\t\t\t\t\t\t\t<p class=\"\" data-start=\"2882\" data-end=\"3074\">Les pr\u00e9sentes Conditions G\u00e9n\u00e9rales de Vente (CGV) r\u00e9gissent les relations contractuelles entre Le Site des Mari\u00e9s et ses utilisateurs. En acc\u00e9dant \u00e0 nos services, vous acceptez ces conditions.<\/p><p class=\"\" data-start=\"3076\" data-end=\"3265\"><strong data-start=\"3076\" data-end=\"3088\">1. Objet<\/strong> Les pr\u00e9sentes CGV ont pour objet de d\u00e9finir les modalit\u00e9s de vente des services propos\u00e9s par Le Site des Mari\u00e9s, qui incluent la cr\u00e9ation de sites web de mariage personnalis\u00e9s.<\/p><p class=\"\" data-start=\"3267\" data-end=\"3527\"><strong data-start=\"3267\" data-end=\"3302\">2. Commande et cr\u00e9ation de site<\/strong> Lorsque vous commandez un service sur notre site, vous vous engagez \u00e0 fournir des informations exactes et compl\u00e8tes. Nous nous r\u00e9servons le droit de refuser une commande si les informations sont insuffisantes ou incorrectes.<\/p><p class=\"\" data-start=\"3529\" data-end=\"3707\"><strong data-start=\"3529\" data-end=\"3542\">3. Tarifs<\/strong> Les tarifs des services sont affich\u00e9s sur notre site et sont susceptibles d&rsquo;\u00eatre modifi\u00e9s. Les prix sont indiqu\u00e9s en euros et incluent toutes les taxes applicables.<\/p><p class=\"\" data-start=\"3709\" data-end=\"3881\"><strong data-start=\"3709\" data-end=\"3737\">4. Modalit\u00e9s de paiement<\/strong> Le paiement des services se fait en ligne via les moyens de paiement mis \u00e0 votre disposition. Le paiement d&rsquo;un acompte est requis avant la cr\u00e9ation du site. Le restant est d\u00fb sous les conditions accept\u00e9s du devis sign\u00e9 par le client.<\/p><p class=\"\" data-start=\"3883\" data-end=\"4100\"><strong data-start=\"3883\" data-end=\"3912\">5. Livraison des services<\/strong> Une fois votre commande confirm\u00e9e, la cr\u00e9ation de votre site commencera. Les d\u00e9lais de livraison peuvent varier selon la formule choisie par le client, la complexit\u00e9 du site demand\u00e9 et des d\u00e9lais de validation ainsi que de correction.<\/p><p class=\"\" data-start=\"4102\" data-end=\"4321\"><strong data-start=\"4102\" data-end=\"4133\">6. Propri\u00e9t\u00e9 intellectuelle<\/strong> Le Site des Mari\u00e9s conserve la propri\u00e9t\u00e9 des \u00e9l\u00e9ments du site, tels que les designs et fonctionnalit\u00e9s. Vous obtenez une licence d&rsquo;utilisation personnelle du site cr\u00e9\u00e9 pour votre mariage et vous gardez les droits sur les photos personnels que vous nous fournissez et que vos invit\u00e9 incorporent sur le site.<\/p><p class=\"\" data-start=\"4323\" data-end=\"4497\"><strong data-start=\"4323\" data-end=\"4345\">7. Responsabilit\u00e9s<\/strong> Le Site des Mari\u00e9s ne pourra \u00eatre tenu responsable des erreurs ou omissions sur le site, ni des cons\u00e9quences d&rsquo;une utilisation incorrecte des services.<\/p><p class=\"\" data-start=\"4499\" data-end=\"4723\"><strong data-start=\"4499\" data-end=\"4527\">8. Droit de r\u00e9tractation<\/strong> Conform\u00e9ment \u00e0 la l\u00e9gislation en vigueur, vous disposez d&rsquo;un droit de r\u00e9tractation de 15 jours apr\u00e8s la commande pour annuler votre achat, \u00e0 condition que le service n&rsquo;ait pas encore \u00e9t\u00e9 fourni.<\/p><p class=\"\" data-start=\"4725\" data-end=\"4871\"><strong data-start=\"4725\" data-end=\"4743\">9. R\u00e9siliation<\/strong> Le Site des Mari\u00e9s se r\u00e9serve le droit de r\u00e9silier tout contrat en cas de non-paiement ou tout autre motif. Dans ce cas, le Site des Mari\u00e9s s&rsquo;engage \u00e0 reverser tous les paiements que le client aura d\u00e9j\u00e0 engag\u00e9. Si le client souhaite r\u00e9silier le contrat, il doit en faire la demande par email. Le site des mari\u00e9s lui fournira ainsi un formulaire de r\u00e9siliation que le client devra remplir et renvoyer dat\u00e9 sign\u00e9 pour valider la r\u00e9siliation du contrat. Dans ce cas, le client renonce au remboursement des paiements qu&rsquo;il aura d\u00e9j\u00e0 engag\u00e9.\u00a0\u00a0<\/p><p class=\"\" data-start=\"4873\" data-end=\"5044\"><strong data-start=\"4873\" data-end=\"4906\">10. Loi applicable et litiges<\/strong> Les pr\u00e9sentes CGV sont soumises au droit fran\u00e7ais. En cas de litige, une solution amiable sera recherch\u00e9e avant tout recours judiciaire.<\/p>\t\t\t\t\t\t\t\t<\/div>\n\t\t\t\t<\/div>\n\t\t\t\t\t<\/div>\n\t\t\t\t<\/div>\n\t\t\t\t<\/div>\n\t\t","protected":false},"excerpt":{"rendered":"<p>Conditions g\u00e9n\u00e9rales de vente (CGV) Les pr\u00e9sentes Conditions G\u00e9n\u00e9rales de Vente (CGV) r\u00e9gissent les relations contractuelles entre Le Site des Mari\u00e9s et ses utilisateurs. En acc\u00e9dant \u00e0 nos services, vous acceptez ces conditions. 1. Objet Les pr\u00e9sentes CGV ont pour objet de d\u00e9finir les modalit\u00e9s de vente des services propos\u00e9s par Le Site des Mari\u00e9s, [&hellip;]<\/p>\n","protected":false},"author":1,"featured_media":0,"parent":0,"menu_order":0,"comment_status":"closed","ping_status":"closed","template":"elementor_header_footer","meta":{"footnotes":""},"class_list":["post-911","page","type-page","status-publish","hentry"],"yoast_head":"<!-- This site is optimized with the Yoast SEO plugin v26.9 - https:\/\/yoast.com\/product\/yoast-seo-wordpress\/ -->\n<title>CGV - Le site des mari\u00e9s<\/title>\n<meta name=\"robots\" content=\"noindex, nofollow\" \/>\n<meta property=\"og:locale\" content=\"fr_FR\" \/>\n<meta property=\"og:type\" content=\"article\" \/>\n<meta property=\"og:title\" content=\"CGV - Le site des mari\u00e9s\" \/>\n<meta property=\"og:description\" content=\"Conditions g\u00e9n\u00e9rales de vente (CGV) Les pr\u00e9sentes Conditions G\u00e9n\u00e9rales de Vente (CGV) r\u00e9gissent les relations contractuelles entre Le Site des Mari\u00e9s et ses utilisateurs. En acc\u00e9dant \u00e0 nos services, vous acceptez ces conditions. 1. Objet Les pr\u00e9sentes CGV ont pour objet de d\u00e9finir les modalit\u00e9s de vente des services propos\u00e9s par Le Site des Mari\u00e9s, [&hellip;]\" \/>\n<meta property=\"og:url\" content=\"https:\/\/lesitedesmaries.com\/index.php\/cgv\/\" \/>\n<meta property=\"og:site_name\" content=\"Le site des mari\u00e9s\" \/>\n<meta property=\"article:modified_time\" content=\"2025-04-20T06:40:47+00:00\" \/>\n<meta name=\"twitter:card\" content=\"summary_large_image\" \/>\n<script type=\"application\/ld+json\" class=\"yoast-schema-graph\">{\"@context\":\"https:\/\/schema.org\",\"@graph\":[{\"@type\":\"WebPage\",\"@id\":\"https:\/\/lesitedesmaries.com\/index.php\/cgv\/\",\"url\":\"https:\/\/lesitedesmaries.com\/index.php\/cgv\/\",\"name\":\"CGV - Le site des mari\u00e9s\",\"isPartOf\":{\"@id\":\"https:\/\/lesitedesmaries.com\/#website\"},\"datePublished\":\"2025-04-20T06:24:03+00:00\",\"dateModified\":\"2025-04-20T06:40:47+00:00\",\"breadcrumb\":{\"@id\":\"https:\/\/lesitedesmaries.com\/index.php\/cgv\/#breadcrumb\"},\"inLanguage\":\"fr-FR\",\"potentialAction\":[{\"@type\":\"ReadAction\",\"target\":[\"https:\/\/lesitedesmaries.com\/index.php\/cgv\/\"]}]},{\"@type\":\"BreadcrumbList\",\"@id\":\"https:\/\/lesitedesmaries.com\/index.php\/cgv\/#breadcrumb\",\"itemListElement\":[{\"@type\":\"ListItem\",\"position\":1,\"name\":\"Accueil\",\"item\":\"https:\/\/lesitedesmaries.com\/\"},{\"@type\":\"ListItem\",\"position\":2,\"name\":\"CGV\"}]},{\"@type\":\"WebSite\",\"@id\":\"https:\/\/lesitedesmaries.com\/#website\",\"url\":\"https:\/\/lesitedesmaries.com\/\",\"name\":\"Le site des mari\u00e9s\",\"description\":\"\",\"publisher\":{\"@id\":\"https:\/\/lesitedesmaries.com\/#organization\"},\"potentialAction\":[{\"@type\":\"SearchAction\",\"target\":{\"@type\":\"EntryPoint\",\"urlTemplate\":\"https:\/\/lesitedesmaries.com\/?s={search_term_string}\"},\"query-input\":{\"@type\":\"PropertyValueSpecification\",\"valueRequired\":true,\"valueName\":\"search_term_string\"}}],\"inLanguage\":\"fr-FR\"},{\"@type\":\"Organization\",\"@id\":\"https:\/\/lesitedesmaries.com\/#organization\",\"name\":\"Le site des mari\u00e9s\",\"url\":\"https:\/\/lesitedesmaries.com\/\",\"logo\":{\"@type\":\"ImageObject\",\"inLanguage\":\"fr-FR\",\"@id\":\"https:\/\/lesitedesmaries.com\/#\/schema\/logo\/image\/\",\"url\":\"https:\/\/lesitedesmaries.com\/wp-content\/uploads\/2024\/12\/logo-02.png\",\"contentUrl\":\"https:\/\/lesitedesmaries.com\/wp-content\/uploads\/2024\/12\/logo-02.png\",\"width\":1080,\"height\":1080,\"caption\":\"Le site des mari\u00e9s\"},\"image\":{\"@id\":\"https:\/\/lesitedesmaries.com\/#\/schema\/logo\/image\/\"}}]}<\/script>\n<!-- \/ Yoast SEO plugin. -->","yoast_head_json":{"title":"CGV - Le site des mari\u00e9s","robots":{"index":"noindex","follow":"nofollow"},"og_locale":"fr_FR","og_type":"article","og_title":"CGV - Le site des mari\u00e9s","og_description":"Conditions g\u00e9n\u00e9rales de vente (CGV) Les pr\u00e9sentes Conditions G\u00e9n\u00e9rales de Vente (CGV) r\u00e9gissent les relations contractuelles entre Le Site des Mari\u00e9s et ses utilisateurs. En acc\u00e9dant \u00e0 nos services, vous acceptez ces conditions. 1. Objet Les pr\u00e9sentes CGV ont pour objet de d\u00e9finir les modalit\u00e9s de vente des services propos\u00e9s par Le Site des Mari\u00e9s, [&hellip;]","og_url":"https:\/\/lesitedesmaries.com\/index.php\/cgv\/","og_site_name":"Le site des mari\u00e9s","article_modified_time":"2025-04-20T06:40:47+00:00","twitter_card":"summary_large_image","schema":{"@context":"https:\/\/schema.org","@graph":[{"@type":"WebPage","@id":"https:\/\/lesitedesmaries.com\/index.php\/cgv\/","url":"https:\/\/lesitedesmaries.com\/index.php\/cgv\/","name":"CGV - Le site des mari\u00e9s","isPartOf":{"@id":"https:\/\/lesitedesmaries.com\/#website"},"datePublished":"2025-04-20T06:24:03+00:00","dateModified":"2025-04-20T06:40:47+00:00","breadcrumb":{"@id":"https:\/\/lesitedesmaries.com\/index.php\/cgv\/#breadcrumb"},"inLanguage":"fr-FR","potentialAction":[{"@type":"ReadAction","target":["https:\/\/lesitedesmaries.com\/index.php\/cgv\/"]}]},{"@type":"BreadcrumbList","@id":"https:\/\/lesitedesmaries.com\/index.php\/cgv\/#breadcrumb","itemListElement":[{"@type":"ListItem","position":1,"name":"Accueil","item":"https:\/\/lesitedesmaries.com\/"},{"@type":"ListItem","position":2,"name":"CGV"}]},{"@type":"WebSite","@id":"https:\/\/lesitedesmaries.com\/#website","url":"https:\/\/lesitedesmaries.com\/","name":"Le site des mari\u00e9s","description":"","publisher":{"@id":"https:\/\/lesitedesmaries.com\/#organization"},"potentialAction":[{"@type":"SearchAction","target":{"@type":"EntryPoint","urlTemplate":"https:\/\/lesitedesmaries.com\/?s={search_term_string}"},"query-input":{"@type":"PropertyValueSpecification","valueRequired":true,"valueName":"search_term_string"}}],"inLanguage":"fr-FR"},{"@type":"Organization","@id":"https:\/\/lesitedesmaries.com\/#organization","name":"Le site des mari\u00e9s","url":"https:\/\/lesitedesmaries.com\/","logo":{"@type":"ImageObject","inLanguage":"fr-FR","@id":"https:\/\/lesitedesmaries.com\/#\/schema\/logo\/image\/","url":"https:\/\/lesitedesmaries.com\/wp-content\/uploads\/2024\/12\/logo-02.png","contentUrl":"https:\/\/lesitedesmaries.com\/wp-content\/uploads\/2024\/12\/logo-02.png","width":1080,"height":1080,"caption":"Le site des mari\u00e9s"},"image":{"@id":"https:\/\/lesitedesmaries.com\/#\/schema\/logo\/image\/"}}]}},"_links":{"self":[{"href":"https:\/\/lesitedesmaries.com\/index.php\/wp-json\/wp\/v2\/pages\/911","targetHints":{"allow":["GET"]}}],"collection":[{"href":"https:\/\/lesitedesmaries.com\/index.php\/wp-json\/wp\/v2\/pages"}],"about":[{"href":"https:\/\/lesitedesmaries.com\/index.php\/wp-json\/wp\/v2\/types\/page"}],"author":[{"embeddable":true,"href":"https:\/\/lesitedesmaries.com\/index.php\/wp-json\/wp\/v2\/users\/1"}],"replies":[{"embeddable":true,"href":"https:\/\/lesitedesmaries.com\/index.php\/wp-json\/wp\/v2\/comments?post=911"}],"version-history":[{"count":4,"href":"https:\/\/lesitedesmaries.com\/index.php\/wp-json\/wp\/v2\/pages\/911\/revisions"}],"predecessor-version":[{"id":916,"href":"https:\/\/lesitedesmaries.com\/index.php\/wp-json\/wp\/v2\/pages\/911\/revisions\/916"}],"wp:attachment":[{"href":"https:\/\/lesitedesmaries.com\/index.php\/wp-json\/wp\/v2\/media?parent=911"}],"curies":[{"name":"wp","href":"https:\/\/api.w.org\/{rel}","templated":true}]}}