{"id":918,"date":"2025-04-20T08:41:41","date_gmt":"2025-04-20T06:41:41","guid":{"rendered":"https:\/\/lesitedesmaries.com\/?page_id=918"},"modified":"2025-04-20T08:49:19","modified_gmt":"2025-04-20T06:49:19","slug":"mentions-legales","status":"publish","type":"page","link":"https:\/\/lesitedesmaries.com\/index.php\/mentions-legales\/","title":{"rendered":"Mentions l\u00e9gales"},"content":{"rendered":"\t\t<div data-elementor-type=\"wp-page\" data-elementor-id=\"918\" class=\"elementor elementor-918\" data-elementor-post-type=\"page\">\n\t\t\t\t<div class=\"elementor-element elementor-element-9870eb3 e-flex e-con-boxed e-con e-parent\" data-id=\"9870eb3\" data-element_type=\"container\" data-e-type=\"container\">\n\t\t\t\t\t<div class=\"e-con-inner\">\n\t\t\t\t<div class=\"elementor-element elementor-element-931f65d elementor-widget elementor-widget-heading\" data-id=\"931f65d\" data-element_type=\"widget\" data-e-type=\"widget\" data-widget_type=\"heading.default\">\n\t\t\t\t<div class=\"elementor-widget-container\">\n\t\t\t\t\t<h2 class=\"elementor-heading-title elementor-size-default\">Mentions l\u00e9gales<\/h2>\t\t\t\t<\/div>\n\t\t\t\t<\/div>\n\t\t\t\t<div class=\"elementor-element elementor-element-5bc79ce elementor-widget elementor-widget-text-editor\" data-id=\"5bc79ce\" data-element_type=\"widget\" data-e-type=\"widget\" data-widget_type=\"text-editor.default\">\n\t\t\t\t<div class=\"elementor-widget-container\">\n\t\t\t\t\t\t\t\t\t<p class=\"\" data-start=\"250\" data-end=\"272\"><strong data-start=\"250\" data-end=\"272\">1. \u00c9diteur du site<\/strong><\/p><p class=\"\" data-start=\"274\" data-end=\"588\">Le Site des Mari\u00e9s<br data-start=\"292\" data-end=\"295\" \/>Toda\u00ef<br data-start=\"344\" data-end=\"347\" \/>Micro entreprise<br data-start=\"395\" data-end=\"398\" \/>85132645400028<br data-start=\"448\" data-end=\"451\" \/>128 all\u00e9e des topazes apt 64 r\u00e9sidence le jardin des turquoises 97400 Saint-Denis, La R\u00e9union<br data-start=\"501\" data-end=\"504\" \/>+262 692 30 27 16<br data-start=\"515\" data-end=\"518\" \/>lesitedesmaries.contact@gmail.com<br data-start=\"536\" data-end=\"539\" \/>TVA non applicable<\/p><p class=\"\" data-start=\"590\" data-end=\"626\"><strong data-start=\"590\" data-end=\"626\">2. Responsable de la publication<\/strong><\/p><p class=\"\" data-start=\"628\" data-end=\"756\">Le responsable de la publication est : Ulrich BENOIT<br data-start=\"705\" data-end=\"708\" \/>Email : lesitedesmaries.contact@gmail.com<\/p><p class=\"\" data-start=\"758\" data-end=\"774\"><strong data-start=\"758\" data-end=\"774\">3. H\u00e9bergeur<\/strong><\/p><p class=\"\" data-start=\"776\" data-end=\"911\">Le site est h\u00e9berg\u00e9 par :<br data-start=\"801\" data-end=\"804\" \/>OVH<br data-start=\"824\" data-end=\"827\" \/>2 rue Kellermann &#8211; 59100 Roubaix &#8211; France<br \/>Directeur de la publication\u00a0:\u00a0Benjamin Revcolevschi<br data-start=\"880\" data-end=\"883\" \/>https:\/\/www.ovhcloud.com\/fr\/<\/p><p class=\"\" data-start=\"913\" data-end=\"944\"><strong data-start=\"913\" data-end=\"944\">4. Propri\u00e9t\u00e9 intellectuelle<\/strong><\/p><p class=\"\" data-start=\"946\" data-end=\"1270\">L\u2019ensemble des contenus pr\u00e9sents sur le site (textes, images, logos, vid\u00e9os, etc.) est prot\u00e9g\u00e9 par le droit d\u2019auteur et reste la propri\u00e9t\u00e9 exclusive de Ulrich BENOIT. Toute reproduction, distribution ou exploitation de ces contenus, sans autorisation pr\u00e9alable \u00e9crite de l\u2019\u00e9diteur, est strictement interdite.<\/p><p class=\"\" data-start=\"1272\" data-end=\"1299\"><strong data-start=\"1272\" data-end=\"1299\">5. Donn\u00e9es personnelles<\/strong><\/p><p class=\"\" data-start=\"1301\" data-end=\"1501\">Le Site des Mari\u00e9s s&rsquo;engage \u00e0 respecter la confidentialit\u00e9 des donn\u00e9es personnelles que vous nous fournissez et \u00e0 les traiter conform\u00e9ment \u00e0 la <a href=\"https:\/\/lesitedesmaries.com\/index.php\/politique-de-confidentialite\/\"><strong data-start=\"1445\" data-end=\"1477\">politique de confidentialit\u00e9<\/strong><\/a> disponible sur le site.<\/p><p class=\"\" data-start=\"1503\" data-end=\"1517\"><strong data-start=\"1503\" data-end=\"1517\">6. Cookies<\/strong><\/p><p class=\"\" data-start=\"1519\" data-end=\"1705\">Le site utilise des cookies pour am\u00e9liorer votre exp\u00e9rience de navigation. Pour plus d&rsquo;informations sur la gestion des cookies, veuillez consulter notre <a href=\"https:\/\/lesitedesmaries.com\/index.php\/politique-de-confidentialite\/\"><strong data-start=\"1672\" data-end=\"1704\">politique de confidentialit\u00e9<\/strong>.<\/a><\/p><p class=\"\" data-start=\"1707\" data-end=\"1754\"><strong data-start=\"1707\" data-end=\"1754\">7. Loi applicable et juridiction comp\u00e9tente<\/strong><\/p><p class=\"\" data-start=\"1756\" data-end=\"1983\">Les pr\u00e9sentes mentions l\u00e9gales sont r\u00e9gies par la l\u00e9gislation fran\u00e7aise. En cas de litige, les tribunaux fran\u00e7ais seront comp\u00e9tents, sauf si une autre juridiction s&rsquo;av\u00e8re applicable en vertu d&rsquo;une disposition l\u00e9gale imp\u00e9rative.<\/p><p class=\"\" data-start=\"1985\" data-end=\"2009\"><strong data-start=\"1985\" data-end=\"2009\">8. Liens hypertextes<\/strong><\/p><p class=\"\" data-start=\"2011\" data-end=\"2189\">Le site peut contenir des liens vers d&rsquo;autres sites web. Cependant, Le Site des Mari\u00e9s n&rsquo;est en aucun cas responsable du contenu ou des pratiques de confidentialit\u00e9 de ces sites.<\/p><p class=\"\" data-start=\"2191\" data-end=\"2232\"><strong data-start=\"2191\" data-end=\"2232\">9. Modifications des mentions l\u00e9gales<\/strong><\/p><p class=\"\" data-start=\"2234\" data-end=\"2391\">Le Site des Mari\u00e9s se r\u00e9serve le droit de modifier ces mentions l\u00e9gales \u00e0 tout moment. Les modifications prendront effet d\u00e8s leur publication sur cette page.<\/p>\t\t\t\t\t\t\t\t<\/div>\n\t\t\t\t<\/div>\n\t\t\t\t\t<\/div>\n\t\t\t\t<\/div>\n\t\t\t\t<\/div>\n\t\t","protected":false},"excerpt":{"rendered":"<p>Mentions l\u00e9gales 1. \u00c9diteur du site Le Site des Mari\u00e9sToda\u00efMicro entreprise85132645400028128 all\u00e9e des topazes apt 64 r\u00e9sidence le jardin des turquoises 97400 Saint-Denis, La R\u00e9union+262 692 30 27 16lesitedesmaries.contact@gmail.comTVA non applicable 2. Responsable de la publication Le responsable de la publication est : Ulrich BENOITEmail : lesitedesmaries.contact@gmail.com 3. H\u00e9bergeur Le site est h\u00e9berg\u00e9 par :OVH2 [&hellip;]<\/p>\n","protected":false},"author":1,"featured_media":0,"parent":0,"menu_order":0,"comment_status":"closed","ping_status":"closed","template":"elementor_header_footer","meta":{"footnotes":""},"class_list":["post-918","page","type-page","status-publish","hentry"],"yoast_head":"<!-- This site is optimized with the Yoast SEO plugin v26.9 - https:\/\/yoast.com\/product\/yoast-seo-wordpress\/ -->\n<title>Mentions l\u00e9gales - Le site des mari\u00e9s<\/title>\n<meta name=\"robots\" content=\"noindex, nofollow\" \/>\n<meta property=\"og:locale\" content=\"fr_FR\" \/>\n<meta property=\"og:type\" content=\"article\" \/>\n<meta property=\"og:title\" content=\"Mentions l\u00e9gales - Le site des mari\u00e9s\" \/>\n<meta property=\"og:description\" content=\"Mentions l\u00e9gales 1. \u00c9diteur du site Le Site des Mari\u00e9sToda\u00efMicro entreprise85132645400028128 all\u00e9e des topazes apt 64 r\u00e9sidence le jardin des turquoises 97400 Saint-Denis, La R\u00e9union+262 692 30 27 16lesitedesmaries.contact@gmail.comTVA non applicable 2. Responsable de la publication Le responsable de la publication est : Ulrich BENOITEmail : lesitedesmaries.contact@gmail.com 3. H\u00e9bergeur Le site est h\u00e9berg\u00e9 par :OVH2 [&hellip;]\" \/>\n<meta property=\"og:url\" content=\"https:\/\/lesitedesmaries.com\/index.php\/mentions-legales\/\" \/>\n<meta property=\"og:site_name\" content=\"Le site des mari\u00e9s\" \/>\n<meta property=\"article:modified_time\" content=\"2025-04-20T06:49:19+00:00\" \/>\n<meta name=\"twitter:card\" content=\"summary_large_image\" \/>\n<meta name=\"twitter:label1\" content=\"Dur\u00e9e de lecture estim\u00e9e\" \/>\n\t<meta name=\"twitter:data1\" content=\"2 minutes\" \/>\n<script type=\"application\/ld+json\" class=\"yoast-schema-graph\">{\"@context\":\"https:\/\/schema.org\",\"@graph\":[{\"@type\":\"WebPage\",\"@id\":\"https:\/\/lesitedesmaries.com\/index.php\/mentions-legales\/\",\"url\":\"https:\/\/lesitedesmaries.com\/index.php\/mentions-legales\/\",\"name\":\"Mentions l\u00e9gales - Le site des mari\u00e9s\",\"isPartOf\":{\"@id\":\"https:\/\/lesitedesmaries.com\/#website\"},\"datePublished\":\"2025-04-20T06:41:41+00:00\",\"dateModified\":\"2025-04-20T06:49:19+00:00\",\"breadcrumb\":{\"@id\":\"https:\/\/lesitedesmaries.com\/index.php\/mentions-legales\/#breadcrumb\"},\"inLanguage\":\"fr-FR\",\"potentialAction\":[{\"@type\":\"ReadAction\",\"target\":[\"https:\/\/lesitedesmaries.com\/index.php\/mentions-legales\/\"]}]},{\"@type\":\"BreadcrumbList\",\"@id\":\"https:\/\/lesitedesmaries.com\/index.php\/mentions-legales\/#breadcrumb\",\"itemListElement\":[{\"@type\":\"ListItem\",\"position\":1,\"name\":\"Accueil\",\"item\":\"https:\/\/lesitedesmaries.com\/\"},{\"@type\":\"ListItem\",\"position\":2,\"name\":\"Mentions l\u00e9gales\"}]},{\"@type\":\"WebSite\",\"@id\":\"https:\/\/lesitedesmaries.com\/#website\",\"url\":\"https:\/\/lesitedesmaries.com\/\",\"name\":\"Le site des mari\u00e9s\",\"description\":\"\",\"publisher\":{\"@id\":\"https:\/\/lesitedesmaries.com\/#organization\"},\"potentialAction\":[{\"@type\":\"SearchAction\",\"target\":{\"@type\":\"EntryPoint\",\"urlTemplate\":\"https:\/\/lesitedesmaries.com\/?s={search_term_string}\"},\"query-input\":{\"@type\":\"PropertyValueSpecification\",\"valueRequired\":true,\"valueName\":\"search_term_string\"}}],\"inLanguage\":\"fr-FR\"},{\"@type\":\"Organization\",\"@id\":\"https:\/\/lesitedesmaries.com\/#organization\",\"name\":\"Le site des mari\u00e9s\",\"url\":\"https:\/\/lesitedesmaries.com\/\",\"logo\":{\"@type\":\"ImageObject\",\"inLanguage\":\"fr-FR\",\"@id\":\"https:\/\/lesitedesmaries.com\/#\/schema\/logo\/image\/\",\"url\":\"https:\/\/lesitedesmaries.com\/wp-content\/uploads\/2024\/12\/logo-02.png\",\"contentUrl\":\"https:\/\/lesitedesmaries.com\/wp-content\/uploads\/2024\/12\/logo-02.png\",\"width\":1080,\"height\":1080,\"caption\":\"Le site des mari\u00e9s\"},\"image\":{\"@id\":\"https:\/\/lesitedesmaries.com\/#\/schema\/logo\/image\/\"}}]}<\/script>\n<!-- \/ Yoast SEO plugin. -->","yoast_head_json":{"title":"Mentions l\u00e9gales - Le site des mari\u00e9s","robots":{"index":"noindex","follow":"nofollow"},"og_locale":"fr_FR","og_type":"article","og_title":"Mentions l\u00e9gales - Le site des mari\u00e9s","og_description":"Mentions l\u00e9gales 1. \u00c9diteur du site Le Site des Mari\u00e9sToda\u00efMicro entreprise85132645400028128 all\u00e9e des topazes apt 64 r\u00e9sidence le jardin des turquoises 97400 Saint-Denis, La R\u00e9union+262 692 30 27 16lesitedesmaries.contact@gmail.comTVA non applicable 2. Responsable de la publication Le responsable de la publication est : Ulrich BENOITEmail : lesitedesmaries.contact@gmail.com 3. H\u00e9bergeur Le site est h\u00e9berg\u00e9 par :OVH2 [&hellip;]","og_url":"https:\/\/lesitedesmaries.com\/index.php\/mentions-legales\/","og_site_name":"Le site des mari\u00e9s","article_modified_time":"2025-04-20T06:49:19+00:00","twitter_card":"summary_large_image","twitter_misc":{"Dur\u00e9e de lecture estim\u00e9e":"2 minutes"},"schema":{"@context":"https:\/\/schema.org","@graph":[{"@type":"WebPage","@id":"https:\/\/lesitedesmaries.com\/index.php\/mentions-legales\/","url":"https:\/\/lesitedesmaries.com\/index.php\/mentions-legales\/","name":"Mentions l\u00e9gales - Le site des mari\u00e9s","isPartOf":{"@id":"https:\/\/lesitedesmaries.com\/#website"},"datePublished":"2025-04-20T06:41:41+00:00","dateModified":"2025-04-20T06:49:19+00:00","breadcrumb":{"@id":"https:\/\/lesitedesmaries.com\/index.php\/mentions-legales\/#breadcrumb"},"inLanguage":"fr-FR","potentialAction":[{"@type":"ReadAction","target":["https:\/\/lesitedesmaries.com\/index.php\/mentions-legales\/"]}]},{"@type":"BreadcrumbList","@id":"https:\/\/lesitedesmaries.com\/index.php\/mentions-legales\/#breadcrumb","itemListElement":[{"@type":"ListItem","position":1,"name":"Accueil","item":"https:\/\/lesitedesmaries.com\/"},{"@type":"ListItem","position":2,"name":"Mentions l\u00e9gales"}]},{"@type":"WebSite","@id":"https:\/\/lesitedesmaries.com\/#website","url":"https:\/\/lesitedesmaries.com\/","name":"Le site des mari\u00e9s","description":"","publisher":{"@id":"https:\/\/lesitedesmaries.com\/#organization"},"potentialAction":[{"@type":"SearchAction","target":{"@type":"EntryPoint","urlTemplate":"https:\/\/lesitedesmaries.com\/?s={search_term_string}"},"query-input":{"@type":"PropertyValueSpecification","valueRequired":true,"valueName":"search_term_string"}}],"inLanguage":"fr-FR"},{"@type":"Organization","@id":"https:\/\/lesitedesmaries.com\/#organization","name":"Le site des mari\u00e9s","url":"https:\/\/lesitedesmaries.com\/","logo":{"@type":"ImageObject","inLanguage":"fr-FR","@id":"https:\/\/lesitedesmaries.com\/#\/schema\/logo\/image\/","url":"https:\/\/lesitedesmaries.com\/wp-content\/uploads\/2024\/12\/logo-02.png","contentUrl":"https:\/\/lesitedesmaries.com\/wp-content\/uploads\/2024\/12\/logo-02.png","width":1080,"height":1080,"caption":"Le site des mari\u00e9s"},"image":{"@id":"https:\/\/lesitedesmaries.com\/#\/schema\/logo\/image\/"}}]}},"_links":{"self":[{"href":"https:\/\/lesitedesmaries.com\/index.php\/wp-json\/wp\/v2\/pages\/918","targetHints":{"allow":["GET"]}}],"collection":[{"href":"https:\/\/lesitedesmaries.com\/index.php\/wp-json\/wp\/v2\/pages"}],"about":[{"href":"https:\/\/lesitedesmaries.com\/index.php\/wp-json\/wp\/v2\/types\/page"}],"author":[{"embeddable":true,"href":"https:\/\/lesitedesmaries.com\/index.php\/wp-json\/wp\/v2\/users\/1"}],"replies":[{"embeddable":true,"href":"https:\/\/lesitedesmaries.com\/index.php\/wp-json\/wp\/v2\/comments?post=918"}],"version-history":[{"count":7,"href":"https:\/\/lesitedesmaries.com\/index.php\/wp-json\/wp\/v2\/pages\/918\/revisions"}],"predecessor-version":[{"id":925,"href":"https:\/\/lesitedesmaries.com\/index.php\/wp-json\/wp\/v2\/pages\/918\/revisions\/925"}],"wp:attachment":[{"href":"https:\/\/lesitedesmaries.com\/index.php\/wp-json\/wp\/v2\/media?parent=918"}],"curies":[{"name":"wp","href":"https:\/\/api.w.org\/{rel}","templated":true}]}}